{"id":8624,"date":"2024-11-03T09:31:02","date_gmt":"2024-11-03T08:31:02","guid":{"rendered":"http:\/\/bbrotadamont.com\/politique-de-confidentialite\/"},"modified":"2024-11-03T09:31:02","modified_gmt":"2024-11-03T08:31:02","slug":"politique-de-confidentialite","status":"publish","type":"page","link":"https:\/\/bbrotadamont.com\/fr\/politique-de-confidentialite\/","title":{"rendered":"politique de confidentialit\u00e9"},"content":{"rendered":"<h2 id=\"owner_of_the_data\" class=\"wp-block-heading\">RESPONSABLE DU TRAITEMENT<\/h2>\n<p>ROTA D&rsquo;AMONT<\/p>\n<p>si\u00e8ge social: F.ne Cont\u00e0 33 &#8211; 12020 Stroppo (CN)<br \/>\nnum\u00e9ro de TVA: 03943590046<br \/>\nTelefonE +39.3285670073 <strong>email:<\/strong> INFO@BBROTADAMONT.COM<\/p>\n<h2 id=\"types_of_data\" class=\"wp-block-heading\">TYPES DE DONN\u00c9ES COLLECT\u00c9ES<\/h2>\n<p>Parmi les donn\u00e9es personnelles collect\u00e9es par ce site Web, de mani\u00e8re autonome ou via des tiers, il y a : Cookies; Donn\u00e9es d\u2019utilisation : num\u00e9ro de t\u00e9l\u00e9phone; nom; adresse e-mail. Les d\u00e9tails complets sur chaque type de donn\u00e9es personnelles collect\u00e9es sont fournis dans les sections d\u00e9di\u00e9es de cette politique de confidentialit\u00e9 ou par des textes informatifs sp\u00e9cifiques affich\u00e9s avant la collecte des donn\u00e9es.<br \/>\nLes donn\u00e9es personnelles peuvent \u00eatre librement fournies par l\u2019utilisateur ou, dans le cas des donn\u00e9es d\u2019utilisation, collect\u00e9es automatiquement lors de l\u2019utilisation de ce site.<br \/>\nSauf indication contraire, toutes les donn\u00e9es requises par ce site sont obligatoires. Si vous refusez de les communiquer, il peut \u00eatre impossible pour ce site Web de fournir le service. Dans les cas o\u00f9 ce site Web indique certaines donn\u00e9es comme facultatives, les utilisateurs sont libres de s\u2019abstenir de communiquer ces donn\u00e9es, sans que cela ait aucune cons\u00e9quence sur la disponibilit\u00e9 du service ou son fonctionnement. Les utilisateurs qui ont des doutes sur les donn\u00e9es obligatoires sont encourag\u00e9s \u00e0 contacter le propri\u00e9taire. Le cas \u00e9ch\u00e9ant, l\u2019utilisation de cookies &#8211; ou d\u2019autres outils de suivi &#8211; par ce site Web ou les titulaires des services tiers utilis\u00e9s par ce site Web a pour but de fournir le service demand\u00e9 par l\u2019utilisateur, En plus des autres finalit\u00e9s d\u00e9crites dans le pr\u00e9sent document et dans la Politique de cookies. L\u2019Utilisateur assume la responsabilit\u00e9 des Donn\u00e9es Personnelles de tiers obtenues, publi\u00e9es ou partag\u00e9es par le biais de ce Site Web.<\/p>\n<h2 id=\"place_of_processing\" class=\"wp-block-heading\">MODALIT\u00c9S ET LIEU DU TRAITEMENT DES DONN\u00c9ES COLLECT\u00c9ES<\/h2>\n<h3 class=\"wp-block-heading\">MODALIT\u00c9S DU TRAITEMENT DES DONN\u00c9ES COLLECT\u00c9ES<\/h3>\n<p>Le Responsable du traitement prend les mesures de s\u00e9curit\u00e9 appropri\u00e9es pour emp\u00eacher l\u2019acc\u00e8s, la divulgation, la modification ou la destruction non autoris\u00e9e des donn\u00e9es personnelles. Le traitement est effectu\u00e9 au moyen d\u2019outils informatiques et\/ou t\u00e9l\u00e9matiques, selon des modalit\u00e9s organisationnelles et logiques \u00e9troitement li\u00e9es aux finalit\u00e9s indiqu\u00e9es. Outre le Titulaire, dans certains cas, d\u2019autres personnes impliqu\u00e9es dans l\u2019organisation de ce site Web (personnel administratif, commercial, marketing, juridique, administrateurs syst\u00e8me) ou des sujets externes peuvent avoir acc\u00e8s aux donn\u00e9es (en tant que fournisseurs de services techniques tiers, courriers postaux, h\u00e9bergeurs, soci\u00e9t\u00e9s informatiques, agences de communication) \u00e9galement nomm\u00e9s, si n\u00e9cessaire, Responsables du traitement par le Titulaire. Les donn\u00e9es personnelles sont stock\u00e9es sur des serveurs situ\u00e9s aux \u00c9tats-Unis, g\u00e9r\u00e9s par le fournisseur d\u2019h\u00e9bergement DreamHost. Le transfert des donn\u00e9es a lieu dans le respect de la r\u00e9glementation europ\u00e9enne et que les garanties n\u00e9cessaires ont \u00e9t\u00e9 adopt\u00e9es pour prot\u00e9ger les donn\u00e9es des utilisateurs. DreamHost applique les Clauses contractuelles standard du RGPD de l\u2019Union europ\u00e9enne.<\/p>\n<h3 class=\"wp-block-heading\">LIEU<\/h3>\n<p>Les donn\u00e9es sont trait\u00e9es dans les bureaux du responsable et dans tout autre lieu o\u00f9 les parties impliqu\u00e9es dans le traitement sont situ\u00e9es. Pour plus d\u2019informations, contactez le Titulaire.<br \/>\nLes donn\u00e9es personnelles sont stock\u00e9es sur des serveurs situ\u00e9s aux \u00c9tats-Unis, g\u00e9r\u00e9s par notre fournisseur d\u2019h\u00e9bergement DreamHost. Le transfert des donn\u00e9es a lieu dans le respect de la r\u00e9glementation europ\u00e9enne et que les garanties n\u00e9cessaires ont \u00e9t\u00e9 adopt\u00e9es pour prot\u00e9ger les donn\u00e9es des utilisateurs. DreamHost applique les Clauses contractuelles standard du RGPD de l\u2019Union europ\u00e9enne. <\/p>\n<h3 class=\"wp-block-heading\">p\u00e9riode de conservation<\/h3>\n<p>Sauf indication contraire dans ce document, les Donn\u00e9es personnelles sont trait\u00e9es et conserv\u00e9es pendant le temps n\u00e9cessaire \u00e0 la finalit\u00e9 pour laquelle elles ont \u00e9t\u00e9 collect\u00e9es et peuvent \u00eatre conserv\u00e9es plus longtemps en raison d\u2019\u00e9ventuelles obligations l\u00e9gales ou sur la base du consentement des Utilisateurs.<\/p>\n<h2 id=\"use_collected_data\" class=\"wp-block-heading\">FINALIT\u00c9 DU TRAITEMENT DES DONN\u00c9ES COLLECT\u00c9ES<\/h2>\n<p>Les donn\u00e9es de l\u2019utilisateur sont collect\u00e9es pour permettre au propri\u00e9taire de fournir le service, remplir ses obligations l\u00e9gales, r\u00e9pondre \u00e0 des demandes ou des actions ex\u00e9cutoires, prot\u00e9ger ses propres droits et int\u00e9r\u00eats (ou ceux des utilisateurs ou des tiers), d\u00e9tecter toute activit\u00e9 frauduleuse ou malveillante, ainsi que pour les finalit\u00e9s suivantes : Statistiques et Contacter l\u2019utilisateur.<\/p>\n","protected":false},"excerpt":{"rendered":"<p>RESPONSABLE DU TRAITEMENT ROTA D&rsquo;AMONT si\u00e8ge social: F.ne Cont\u00e0 33 &#8211; 12020 Stroppo (CN) num\u00e9ro de TVA: 03943590046 TelefonE +39.3285670073 email: INFO@BBROTADAMONT.COM TYPES DE DONN\u00c9ES COLLECT\u00c9ES Parmi les donn\u00e9es personnelles collect\u00e9es par ce site Web, de mani\u00e8re autonome ou via des tiers, il y a : Cookies; Donn\u00e9es d\u2019utilisation : num\u00e9ro de t\u00e9l\u00e9phone; nom; adresse [&hellip;]<\/p>\n","protected":false},"author":1,"featured_media":0,"parent":0,"menu_order":0,"comment_status":"closed","ping_status":"closed","template":"","meta":{"iawp_total_views":4,"footnotes":""},"class_list":["post-8624","page","type-page","status-publish","hentry"],"yoast_head":"<!-- This site is optimized with the Yoast SEO plugin v27.3 - https:\/\/yoast.com\/product\/yoast-seo-wordpress\/ -->\n<title>politique de confidentialit\u00e9 - ROTA D&#039;AMONT<\/title>\n<meta name=\"description\" content=\"Lire les termes de la politique de confidentialit\u00e9\" \/>\n<meta name=\"robots\" content=\"index, follow, max-snippet:-1, max-image-preview:large, max-video-preview:-1\" \/>\n<link rel=\"canonical\" href=\"https:\/\/bbrotadamont.com\/fr\/politique-de-confidentialite\/\" \/>\n<meta property=\"og:locale\" content=\"fr_FR\" \/>\n<meta property=\"og:type\" content=\"article\" \/>\n<meta property=\"og:title\" content=\"politique de confidentialit\u00e9 - ROTA D&#039;AMONT\" \/>\n<meta property=\"og:description\" content=\"Lire les termes de la politique de confidentialit\u00e9\" \/>\n<meta property=\"og:url\" content=\"https:\/\/bbrotadamont.com\/fr\/politique-de-confidentialite\/\" \/>\n<meta property=\"og:site_name\" content=\"ROTA D&#039;AMONT\" \/>\n<meta name=\"twitter:card\" content=\"summary_large_image\" \/>\n<meta name=\"twitter:label1\" content=\"Dur\u00e9e de lecture estim\u00e9e\" \/>\n\t<meta name=\"twitter:data1\" content=\"4 minutes\" \/>\n<script type=\"application\/ld+json\" class=\"yoast-schema-graph\">{\"@context\":\"https:\\\/\\\/schema.org\",\"@graph\":[{\"@type\":\"WebPage\",\"@id\":\"https:\\\/\\\/bbrotadamont.com\\\/fr\\\/politique-de-confidentialite\\\/\",\"url\":\"https:\\\/\\\/bbrotadamont.com\\\/fr\\\/politique-de-confidentialite\\\/\",\"name\":\"politique de confidentialit\u00e9 - ROTA D&#039;AMONT\",\"isPartOf\":{\"@id\":\"https:\\\/\\\/bbrotadamont.com\\\/fr\\\/#website\"},\"datePublished\":\"2024-11-03T08:31:02+00:00\",\"description\":\"Lire les termes de la politique de confidentialit\u00e9\",\"breadcrumb\":{\"@id\":\"https:\\\/\\\/bbrotadamont.com\\\/fr\\\/politique-de-confidentialite\\\/#breadcrumb\"},\"inLanguage\":\"fr-FR\",\"potentialAction\":[{\"@type\":\"ReadAction\",\"target\":[\"https:\\\/\\\/bbrotadamont.com\\\/fr\\\/politique-de-confidentialite\\\/\"]}]},{\"@type\":\"BreadcrumbList\",\"@id\":\"https:\\\/\\\/bbrotadamont.com\\\/fr\\\/politique-de-confidentialite\\\/#breadcrumb\",\"itemListElement\":[{\"@type\":\"ListItem\",\"position\":1,\"name\":\"Home\",\"item\":\"https:\\\/\\\/bbrotadamont.com\\\/fr\\\/\"},{\"@type\":\"ListItem\",\"position\":2,\"name\":\"politique de confidentialit\u00e9\"}]},{\"@type\":\"WebSite\",\"@id\":\"https:\\\/\\\/bbrotadamont.com\\\/fr\\\/#website\",\"url\":\"https:\\\/\\\/bbrotadamont.com\\\/fr\\\/\",\"name\":\"ROTA D&#039;AMONT\",\"description\":\"\",\"potentialAction\":[{\"@type\":\"SearchAction\",\"target\":{\"@type\":\"EntryPoint\",\"urlTemplate\":\"https:\\\/\\\/bbrotadamont.com\\\/fr\\\/?s={search_term_string}\"},\"query-input\":{\"@type\":\"PropertyValueSpecification\",\"valueRequired\":true,\"valueName\":\"search_term_string\"}}],\"inLanguage\":\"fr-FR\"}]}<\/script>\n<!-- \/ Yoast SEO plugin. -->","yoast_head_json":{"title":"politique de confidentialit\u00e9 - ROTA D&#039;AMONT","description":"Lire les termes de la politique de confidentialit\u00e9","robots":{"index":"index","follow":"follow","max-snippet":"max-snippet:-1","max-image-preview":"max-image-preview:large","max-video-preview":"max-video-preview:-1"},"canonical":"https:\/\/bbrotadamont.com\/fr\/politique-de-confidentialite\/","og_locale":"fr_FR","og_type":"article","og_title":"politique de confidentialit\u00e9 - ROTA D&#039;AMONT","og_description":"Lire les termes de la politique de confidentialit\u00e9","og_url":"https:\/\/bbrotadamont.com\/fr\/politique-de-confidentialite\/","og_site_name":"ROTA D&#039;AMONT","twitter_card":"summary_large_image","twitter_misc":{"Dur\u00e9e de lecture estim\u00e9e":"4 minutes"},"schema":{"@context":"https:\/\/schema.org","@graph":[{"@type":"WebPage","@id":"https:\/\/bbrotadamont.com\/fr\/politique-de-confidentialite\/","url":"https:\/\/bbrotadamont.com\/fr\/politique-de-confidentialite\/","name":"politique de confidentialit\u00e9 - ROTA D&#039;AMONT","isPartOf":{"@id":"https:\/\/bbrotadamont.com\/fr\/#website"},"datePublished":"2024-11-03T08:31:02+00:00","description":"Lire les termes de la politique de confidentialit\u00e9","breadcrumb":{"@id":"https:\/\/bbrotadamont.com\/fr\/politique-de-confidentialite\/#breadcrumb"},"inLanguage":"fr-FR","potentialAction":[{"@type":"ReadAction","target":["https:\/\/bbrotadamont.com\/fr\/politique-de-confidentialite\/"]}]},{"@type":"BreadcrumbList","@id":"https:\/\/bbrotadamont.com\/fr\/politique-de-confidentialite\/#breadcrumb","itemListElement":[{"@type":"ListItem","position":1,"name":"Home","item":"https:\/\/bbrotadamont.com\/fr\/"},{"@type":"ListItem","position":2,"name":"politique de confidentialit\u00e9"}]},{"@type":"WebSite","@id":"https:\/\/bbrotadamont.com\/fr\/#website","url":"https:\/\/bbrotadamont.com\/fr\/","name":"ROTA D&#039;AMONT","description":"","potentialAction":[{"@type":"SearchAction","target":{"@type":"EntryPoint","urlTemplate":"https:\/\/bbrotadamont.com\/fr\/?s={search_term_string}"},"query-input":{"@type":"PropertyValueSpecification","valueRequired":true,"valueName":"search_term_string"}}],"inLanguage":"fr-FR"}]}},"_links":{"self":[{"href":"https:\/\/bbrotadamont.com\/fr\/wp-json\/wp\/v2\/pages\/8624","targetHints":{"allow":["GET"]}}],"collection":[{"href":"https:\/\/bbrotadamont.com\/fr\/wp-json\/wp\/v2\/pages"}],"about":[{"href":"https:\/\/bbrotadamont.com\/fr\/wp-json\/wp\/v2\/types\/page"}],"author":[{"embeddable":true,"href":"https:\/\/bbrotadamont.com\/fr\/wp-json\/wp\/v2\/users\/1"}],"replies":[{"embeddable":true,"href":"https:\/\/bbrotadamont.com\/fr\/wp-json\/wp\/v2\/comments?post=8624"}],"version-history":[{"count":0,"href":"https:\/\/bbrotadamont.com\/fr\/wp-json\/wp\/v2\/pages\/8624\/revisions"}],"wp:attachment":[{"href":"https:\/\/bbrotadamont.com\/fr\/wp-json\/wp\/v2\/media?parent=8624"}],"curies":[{"name":"wp","href":"https:\/\/api.w.org\/{rel}","templated":true}]}}